{"id":2937,"date":"2020-07-11T03:59:14","date_gmt":"2020-07-11T03:59:14","guid":{"rendered":"https:\/\/globalicm.com.tr\/bize-ulasin\/"},"modified":"2024-11-12T10:12:54","modified_gmt":"2024-11-12T10:12:54","slug":"bize-ulasin","status":"publish","type":"page","link":"https:\/\/globalicm.com.tr\/tr\/bize-ulasin\/","title":{"rendered":"Bize Ula\u015f\u0131n"},"content":{"rendered":"\t\t<div data-elementor-type=\"wp-page\" data-elementor-id=\"2937\" class=\"elementor elementor-2937 elementor-1488\">\n\t\t\t\t\t\t<section class=\"elementor-section elementor-top-section elementor-element elementor-element-b948d74 pb-medium bg-light-1 pt-medium elementor-section-boxed elementor-section-height-default elementor-section-height-default\" data-id=\"b948d74\" data-element_type=\"section\" data-e-type=\"section\" data-settings=\"{&quot;theme_section_color&quot;:&quot;bg-light-1&quot;}\">\n\t\t\t\t\t\t<div class=\"elementor-container elementor-column-gap-no\">\n\t\t\t\t\t<div class=\"elementor-column elementor-col-100 elementor-top-column elementor-element elementor-element-ac10a9d\" data-id=\"ac10a9d\" data-element_type=\"column\" data-e-type=\"column\">\n\t\t\t<div class=\"elementor-widget-wrap elementor-element-populated\">\n\t\t\t\t\t\t<section class=\"elementor-section elementor-inner-section elementor-element elementor-element-e78f3be pb-small elementor-section-full_width container-fluid elementor-section-height-default elementor-section-height-default\" data-id=\"e78f3be\" data-element_type=\"section\" data-e-type=\"section\">\n\t\t\t\t\t\t<div class=\"elementor-container elementor-column-gap-no\">\n\t\t\t\t\t<div class=\"elementor-column elementor-col-100 elementor-inner-column elementor-element elementor-element-a508b0b\" data-id=\"a508b0b\" data-element_type=\"column\" data-e-type=\"column\">\n\t\t\t<div class=\"elementor-widget-wrap\">\n\t\t\t\t\t\t\t<\/div>\n\t\t<\/div>\n\t\t\t\t\t<\/div>\n\t\t<\/section>\n\t\t\t\t<section class=\"elementor-section elementor-inner-section elementor-element elementor-element-abc7cc5 elementor-section-content-middle elementor-section-boxed elementor-section-height-default elementor-section-height-default\" data-id=\"abc7cc5\" data-element_type=\"section\" data-e-type=\"section\">\n\t\t\t\t\t\t<div class=\"elementor-container elementor-column-gap-no\">\n\t\t\t\t\t<div class=\"elementor-column elementor-col-50 elementor-inner-column elementor-element elementor-element-ceac28c bg-light-2\" data-id=\"ceac28c\" data-element_type=\"column\" data-e-type=\"column\" data-settings=\"{&quot;theme_section_color&quot;:&quot;bg-light-2&quot;}\">\n\t\t\t<div class=\"elementor-widget-wrap elementor-element-populated\">\n\t\t\t\t\t\t<div class=\"elementor-element elementor-element-273807c elementor-widget__width-initial elementor-widget elementor-widget-rhye-widget-project-properties\" data-id=\"273807c\" data-element_type=\"widget\" data-e-type=\"widget\" data-widget_type=\"rhye-widget-project-properties.default\">\n\t\t\t\t<div class=\"elementor-widget-container\">\n\t\t\t\t\t\n\t\t\t\t\t<div class=\"section section-properties section-content\">\n\t\t\t\t<div class=\"row\">\n\t\t\t\t\t\t\t\t\t\t\t\t\t\t\t\t\t<div class=\"col-lg-12 col-sm-12 col-12 section-properties__item\">\n\t\t\t\t\t\t\t<div class=\"figure-info\">\n\t\t\t\t\t\t\t\t<div class=\"figure-info__option h5\">\n\t\t\t\t\t\t\t\t\t<div >Ofis<\/div>\n\t\t\t\t\t\t\t\t<\/div>\n\t\t\t\t\t\t\t\t<div class=\"figure-info__value paragraph\">\n\t\t\t\t\t\t\t\t\t<div >Fatih Sultan Mehmet Mah. Balkan Cad. No:62A \u00dcmraniye \/ \u0130stanbul <br>  2524010713<\/div>\n\t\t\t\t\t\t\t\t<\/div>\n\t\t\t\t\t\t\t<\/div>\n\t\t\t\t\t\t<\/div>\n\t\t\t\t\t\t\t\t\t\t\t\t\t\t\t\t\t<div class=\"col-lg-12 col-sm-12 col-12 section-properties__item\">\n\t\t\t\t\t\t\t<div class=\"figure-info\">\n\t\t\t\t\t\t\t\t<div class=\"figure-info__option h5\">\n\t\t\t\t\t\t\t\t\t<div >\u0130LET\u0130\u015e\u0130M<\/div>\n\t\t\t\t\t\t\t\t<\/div>\n\t\t\t\t\t\t\t\t<div class=\"figure-info__value paragraph\">\n\t\t\t\t\t\t\t\t\t<div >info@globalicm.com.tr<\/a><br>+90 216-909-7719<\/div>\n\t\t\t\t\t\t\t\t<\/div>\n\t\t\t\t\t\t\t<\/div>\n\t\t\t\t\t\t<\/div>\n\t\t\t\t\t\t\t\t\t\t\t\t\t\t<\/div>\n\t\t\t<\/div>\n\t\t\n\t\t\t\t\t\t<\/div>\n\t\t\t\t<\/div>\n\t\t\t\t\t<\/div>\n\t\t<\/div>\n\t\t\t\t<div class=\"elementor-column elementor-col-50 elementor-inner-column elementor-element elementor-element-90d245d bg-white\" data-id=\"90d245d\" data-element_type=\"column\" data-e-type=\"column\" data-settings=\"{&quot;theme_section_color&quot;:&quot;bg-white&quot;}\">\n\t\t\t<div class=\"elementor-widget-wrap elementor-element-populated\">\n\t\t\t\t\t\t<div class=\"elementor-element elementor-element-6e1a98b elementor-widget elementor-widget-shortcode\" data-id=\"6e1a98b\" data-element_type=\"widget\" data-e-type=\"widget\" data-widget_type=\"shortcode.default\">\n\t\t\t\t<div class=\"elementor-widget-container\">\n\t\t\t\t\t\t\t<div class=\"elementor-shortcode\"><p class=\"wpcf7-contact-form-not-found\"><strong>Hata:<\/strong> \u0130leti\u015fim formu bulunamad\u0131.<\/p><\/div>\n\t\t\t\t\t\t<\/div>\n\t\t\t\t<\/div>\n\t\t\t\t\t<\/div>\n\t\t<\/div>\n\t\t\t\t\t<\/div>\n\t\t<\/section>\n\t\t\t\t\t<\/div>\n\t\t<\/div>\n\t\t\t\t\t<\/div>\n\t\t<\/section>\n\t\t\t\t<\/div>\n\t\t","protected":false},"excerpt":{"rendered":"<p>Ofis Fatih Sultan Mehmet Mah. Balkan Cad. No:62A \u00dcmraniye \/ \u0130stanbul 2524010713 \u0130LET\u0130\u015e\u0130M info@globalicm.com.tr+90 216-909-7719<\/p>\n","protected":false},"author":1,"featured_media":0,"parent":0,"menu_order":0,"comment_status":"closed","ping_status":"closed","template":"","meta":{"_acf_changed":false,"footnotes":""},"class_list":["post-2937","page","type-page","status-publish","hentry"],"acf":[],"_links":{"self":[{"href":"https:\/\/globalicm.com.tr\/tr\/wp-json\/wp\/v2\/pages\/2937","targetHints":{"allow":["GET"]}}],"collection":[{"href":"https:\/\/globalicm.com.tr\/tr\/wp-json\/wp\/v2\/pages"}],"about":[{"href":"https:\/\/globalicm.com.tr\/tr\/wp-json\/wp\/v2\/types\/page"}],"author":[{"embeddable":true,"href":"https:\/\/globalicm.com.tr\/tr\/wp-json\/wp\/v2\/users\/1"}],"replies":[{"embeddable":true,"href":"https:\/\/globalicm.com.tr\/tr\/wp-json\/wp\/v2\/comments?post=2937"}],"version-history":[{"count":10,"href":"https:\/\/globalicm.com.tr\/tr\/wp-json\/wp\/v2\/pages\/2937\/revisions"}],"predecessor-version":[{"id":3390,"href":"https:\/\/globalicm.com.tr\/tr\/wp-json\/wp\/v2\/pages\/2937\/revisions\/3390"}],"wp:attachment":[{"href":"https:\/\/globalicm.com.tr\/tr\/wp-json\/wp\/v2\/media?parent=2937"}],"curies":[{"name":"wp","href":"https:\/\/api.w.org\/{rel}","templated":true}]}}